{"id":15,"date":"2023-07-23T19:04:23","date_gmt":"2023-07-23T19:04:23","guid":{"rendered":"https:\/\/alicja-sadejko.pl\/?page_id=15"},"modified":"2024-04-12T18:19:16","modified_gmt":"2024-04-12T18:19:16","slug":"certyfikat-autentycznosci","status":"publish","type":"page","link":"https:\/\/alicja-sadejko.pl\/index.php\/certyfikat-autentycznosci\/","title":{"rendered":"Certyfikat autentyczno\u015bci"},"content":{"rendered":"\t\t<div data-elementor-type=\"wp-page\" data-elementor-id=\"15\" class=\"elementor elementor-15\">\n\t\t\t\t<div class=\"elementor-element elementor-element-5184f14 e-flex e-con-boxed e-con e-parent\" data-id=\"5184f14\" data-element_type=\"container\" data-settings=\"{&quot;background_background&quot;:&quot;slideshow&quot;,&quot;background_slideshow_gallery&quot;:[{&quot;id&quot;:596,&quot;url&quot;:&quot;https:\\\/\\\/alicja-sadejko.pl\\\/wp-content\\\/uploads\\\/2023\\\/09\\\/tloo-scaled.jpg&quot;}],&quot;background_slideshow_slide_duration&quot;:5000,&quot;background_slideshow_slide_transition&quot;:&quot;fade&quot;,&quot;background_slideshow_transition_duration&quot;:500}\">\n\t\t\t\t\t<div class=\"e-con-inner\">\n\t\t<div class=\"elementor-element elementor-element-698db18 e-con-full e-flex e-con e-child\" data-id=\"698db18\" data-element_type=\"container\" data-settings=\"{&quot;background_background&quot;:&quot;slideshow&quot;,&quot;background_slideshow_gallery&quot;:[{&quot;id&quot;:596,&quot;url&quot;:&quot;https:\\\/\\\/alicja-sadejko.pl\\\/wp-content\\\/uploads\\\/2023\\\/09\\\/tloo-scaled.jpg&quot;}],&quot;background_slideshow_loop&quot;:&quot;yes&quot;,&quot;background_slideshow_slide_duration&quot;:5000,&quot;background_slideshow_slide_transition&quot;:&quot;fade&quot;,&quot;background_slideshow_transition_duration&quot;:500}\">\n\t\t\t\t<div class=\"elementor-element elementor-element-50193d7 elementor-widget__width-initial elementor-widget elementor-widget-image\" data-id=\"50193d7\" data-element_type=\"widget\" data-widget_type=\"image.default\">\n\t\t\t\t<div class=\"elementor-widget-container\">\n\t\t\t\t\t\t\t\t\t\t\t\t\t\t\t<img decoding=\"async\" src=\"https:\/\/alicja-sadejko.pl\/wp-content\/uploads\/elementor\/thumbs\/Certyfikat-autentycznosci-scaled-qbtoequby9quq2ps4f6szlerfbzedkje24rik918rw.jpg\" title=\"Certyfikat autentyczno\u015bci Alicja Sadejko\" alt=\"Certyfikat autentyczno\u015bci Alicja Sadejko\" loading=\"lazy\" \/>\t\t\t\t\t\t\t\t\t\t\t\t\t\t\t<\/div>\n\t\t\t\t<\/div>\n\t\t\t\t<\/div>\n\t\t<div class=\"elementor-element elementor-element-2499ae3 e-con-full e-flex e-con e-child\" data-id=\"2499ae3\" data-element_type=\"container\">\n\t\t\t\t<div class=\"elementor-element elementor-element-e8843cf elementor-widget elementor-widget-text-editor\" data-id=\"e8843cf\" data-element_type=\"widget\" data-widget_type=\"text-editor.default\">\n\t\t\t\t<div class=\"elementor-widget-container\">\n\t\t\t\t\t\t\t\t\t<p>Do ka\u017cdego dzie\u0142a, kt\u00f3re wychodzi spod mojej r\u0119ki do\u0142\u0105czam certyfikat autentyczno\u015bci, tak by dzie\u0142o mia\u0142o wysok\u0105 warto\u015b\u0107 rynkow\u0105 i nabywca nie martwi\u0142 si\u0119 jego autentyczno\u015bci\u0105 i oryginalno\u015bci\u0105.<br>&nbsp;<br>Zawarto\u015b\u0107 certyfikatu: tytu\u0142, wymiary, data powstania, technika wykonania, sygnatura (numer certyfikatu\/rok), kraj powstania, werniksowane, data i miejscowo\u015b\u0107 podpisania certyfikatu oraz podpis autorki czyli mnie &#8211; Alicji Sadejko.<\/p>\t\t\t\t\t\t\t\t<\/div>\n\t\t\t\t<\/div>\n\t\t\t\t<\/div>\n\t\t\t\t\t<\/div>\n\t\t\t\t<\/div>\n\t\t\t\t<\/div>\n\t\t","protected":false},"excerpt":{"rendered":"<p>Do ka\u017cdego dzie\u0142a, kt\u00f3re wychodzi spod mojej r\u0119ki do\u0142\u0105czam certyfikat autentyczno\u015bci, tak by dzie\u0142o mia\u0142o wysok\u0105 warto\u015b\u0107 rynkow\u0105 i nabywca nie martwi\u0142 si\u0119 jego autentyczno\u015bci\u0105 i oryginalno\u015bci\u0105.&nbsp;Zawarto\u015b\u0107 certyfikatu: tytu\u0142, wymiary, data powstania, technika wykonania, sygnatura (numer certyfikatu\/rok), kraj powstania, werniksowane, data i miejscowo\u015b\u0107 podpisania certyfikatu oraz podpis autorki czyli mnie &#8211; Alicji Sadejko.<\/p>\n","protected":false},"author":1,"featured_media":0,"parent":0,"menu_order":0,"comment_status":"closed","ping_status":"closed","template":"","meta":{"_monsterinsights_skip_tracking":false,"_monsterinsights_sitenote_active":false,"_monsterinsights_sitenote_note":"","_monsterinsights_sitenote_category":0,"ocean_post_layout":"","ocean_both_sidebars_style":"","ocean_both_sidebars_content_width":0,"ocean_both_sidebars_sidebars_width":0,"ocean_sidebar":"0","ocean_second_sidebar":"0","ocean_disable_margins":"enable","ocean_add_body_class":"","ocean_shortcode_before_top_bar":"","ocean_shortcode_after_top_bar":"","ocean_shortcode_before_header":"","ocean_shortcode_after_header":"","ocean_has_shortcode":"","ocean_shortcode_after_title":"","ocean_shortcode_before_footer_widgets":"","ocean_shortcode_after_footer_widgets":"","ocean_shortcode_before_footer_bottom":"","ocean_shortcode_after_footer_bottom":"","ocean_display_top_bar":"off","ocean_display_header":"default","ocean_header_style":"","ocean_center_header_left_menu":"0","ocean_custom_header_template":"0","ocean_custom_logo":0,"ocean_custom_retina_logo":0,"ocean_custom_logo_max_width":0,"ocean_custom_logo_tablet_max_width":0,"ocean_custom_logo_mobile_max_width":0,"ocean_custom_logo_max_height":0,"ocean_custom_logo_tablet_max_height":0,"ocean_custom_logo_mobile_max_height":0,"ocean_header_custom_menu":"0","ocean_menu_typo_font_family":"0","ocean_menu_typo_font_subset":"","ocean_menu_typo_font_size":0,"ocean_menu_typo_font_size_tablet":0,"ocean_menu_typo_font_size_mobile":0,"ocean_menu_typo_font_size_unit":"px","ocean_menu_typo_font_weight":"","ocean_menu_typo_font_weight_tablet":"","ocean_menu_typo_font_weight_mobile":"","ocean_menu_typo_transform":"","ocean_menu_typo_transform_tablet":"","ocean_menu_typo_transform_mobile":"","ocean_menu_typo_line_height":0,"ocean_menu_typo_line_height_tablet":0,"ocean_menu_typo_line_height_mobile":0,"ocean_menu_typo_line_height_unit":"","ocean_menu_typo_spacing":0,"ocean_menu_typo_spacing_tablet":0,"ocean_menu_typo_spacing_mobile":0,"ocean_menu_typo_spacing_unit":"","ocean_menu_link_color":"","ocean_menu_link_color_hover":"","ocean_menu_link_color_active":"","ocean_menu_link_background":"","ocean_menu_link_hover_background":"","ocean_menu_link_active_background":"","ocean_menu_social_links_bg":"","ocean_menu_social_hover_links_bg":"","ocean_menu_social_links_color":"","ocean_menu_social_hover_links_color":"","ocean_disable_title":"on","ocean_disable_heading":"default","ocean_post_title":"","ocean_post_subheading":"","ocean_post_title_style":"","ocean_post_title_background_color":"","ocean_post_title_background":0,"ocean_post_title_bg_image_position":"","ocean_post_title_bg_image_attachment":"","ocean_post_title_bg_image_repeat":"","ocean_post_title_bg_image_size":"","ocean_post_title_height":0,"ocean_post_title_bg_overlay":0.5,"ocean_post_title_bg_overlay_color":"","ocean_disable_breadcrumbs":"default","ocean_breadcrumbs_color":"","ocean_breadcrumbs_separator_color":"","ocean_breadcrumbs_links_color":"","ocean_breadcrumbs_links_hover_color":"","ocean_display_footer_widgets":"off","ocean_display_footer_bottom":"off","ocean_custom_footer_template":"0","footnotes":""},"class_list":["post-15","page","type-page","status-publish","hentry","entry"],"_links":{"self":[{"href":"https:\/\/alicja-sadejko.pl\/index.php\/wp-json\/wp\/v2\/pages\/15","targetHints":{"allow":["GET"]}}],"collection":[{"href":"https:\/\/alicja-sadejko.pl\/index.php\/wp-json\/wp\/v2\/pages"}],"about":[{"href":"https:\/\/alicja-sadejko.pl\/index.php\/wp-json\/wp\/v2\/types\/page"}],"author":[{"embeddable":true,"href":"https:\/\/alicja-sadejko.pl\/index.php\/wp-json\/wp\/v2\/users\/1"}],"replies":[{"embeddable":true,"href":"https:\/\/alicja-sadejko.pl\/index.php\/wp-json\/wp\/v2\/comments?post=15"}],"version-history":[{"count":13,"href":"https:\/\/alicja-sadejko.pl\/index.php\/wp-json\/wp\/v2\/pages\/15\/revisions"}],"predecessor-version":[{"id":752,"href":"https:\/\/alicja-sadejko.pl\/index.php\/wp-json\/wp\/v2\/pages\/15\/revisions\/752"}],"wp:attachment":[{"href":"https:\/\/alicja-sadejko.pl\/index.php\/wp-json\/wp\/v2\/media?parent=15"}],"curies":[{"name":"wp","href":"https:\/\/api.w.org\/{rel}","templated":true}]}}