{"id":853,"date":"2025-01-15T17:44:12","date_gmt":"2025-01-15T17:44:12","guid":{"rendered":"https:\/\/alicja-sadejko.pl\/?page_id=853"},"modified":"2025-04-06T21:28:03","modified_gmt":"2025-04-06T21:28:03","slug":"konska-strona-mocy","status":"publish","type":"page","link":"https:\/\/alicja-sadejko.pl\/index.php\/konska-strona-mocy\/","title":{"rendered":"KO\u0143SKA STRONA MOCY"},"content":{"rendered":"\t\t<div data-elementor-type=\"wp-page\" data-elementor-id=\"853\" class=\"elementor elementor-853\">\n\t\t\t\t<div class=\"elementor-element elementor-element-e75c838 e-flex e-con-boxed e-con e-parent\" data-id=\"e75c838\" data-element_type=\"container\">\n\t\t\t\t\t<div class=\"e-con-inner\">\n\t\t\t\t<div class=\"elementor-element elementor-element-ceda812 elementor-widget elementor-widget-heading\" data-id=\"ceda812\" data-element_type=\"widget\" data-widget_type=\"heading.default\">\n\t\t\t\t<div class=\"elementor-widget-container\">\n\t\t\t\t\t<h2 class=\"elementor-heading-title elementor-size-default\">Ko\u0144ska strona mocy - czyli czym zajmuj\u0119 si\u0119 na co dzie\u0144. Zapraszam do kontaktu: +48 731489613, Alicja Sadejko<\/h2>\t\t\t\t<\/div>\n\t\t\t\t<\/div>\n\t\t\t\t\t<\/div>\n\t\t\t\t<\/div>\n\t\t<div class=\"elementor-element elementor-element-7f36dba e-flex e-con-boxed e-con e-parent\" data-id=\"7f36dba\" data-element_type=\"container\">\n\t\t\t\t\t<div class=\"e-con-inner\">\n\t\t<div class=\"elementor-element elementor-element-8c65382 e-con-full e-flex e-con e-child\" data-id=\"8c65382\" data-element_type=\"container\">\n\t\t\t\t<div class=\"elementor-element elementor-element-70c0deb elementor-widget elementor-widget-text-editor\" data-id=\"70c0deb\" data-element_type=\"widget\" data-widget_type=\"text-editor.default\">\n\t\t\t\t<div class=\"elementor-widget-container\">\n\t\t\t\t\t\t\t\t\t<p>\u00a0<\/p><p><span style=\"background-color: unset; color: var( --e-global-color-text ); font-size: 14px; text-align: var(--text-align);\">Kurs powi\u0119ziowej terapii manualnej u koni, sko\u0144czy\u0142am w 2022 roku (przed zmian\u0105 nazwiska na Sadejko).\u00a0<\/span><\/p><p>Masa\u017cem koni zajmuj\u0119 si\u0119 od 2022 roku, g\u0142\u00f3wnie powi\u0119ziowo, ale te\u017c stosuj\u0119 w\u0142asne techniki wynalezione i sprawdzone przez lata pracy z ko\u0144skim cia\u0142em i umys\u0142em.\u00a0<\/p><p>Do tego dochodzi ocena konia w ruchu, ocena stanu cia\u0142a i og\u00f3lna ocena konia psycho-fizyczna.<\/p>\t\t\t\t\t\t\t\t<\/div>\n\t\t\t\t<\/div>\n\t\t\t\t<\/div>\n\t\t<div class=\"elementor-element elementor-element-f42d380 e-con-full e-flex e-con e-child\" data-id=\"f42d380\" data-element_type=\"container\">\n\t\t\t\t<div class=\"elementor-element elementor-element-e0c932d elementor-widget elementor-widget-image\" data-id=\"e0c932d\" data-element_type=\"widget\" data-widget_type=\"image.default\">\n\t\t\t\t<div class=\"elementor-widget-container\">\n\t\t\t\t\t\t\t\t\t\t\t\t\t\t\t<img fetchpriority=\"high\" decoding=\"async\" width=\"1024\" height=\"714\" src=\"https:\/\/alicja-sadejko.pl\/wp-content\/uploads\/2025\/04\/Powiez-Sadejko-1024x714.jpg\" class=\"attachment-large size-large wp-image-872\" alt=\"powi\u0119\u017a Sadejko\" srcset=\"https:\/\/alicja-sadejko.pl\/wp-content\/uploads\/2025\/04\/Powiez-Sadejko-1024x714.jpg 1024w, https:\/\/alicja-sadejko.pl\/wp-content\/uploads\/2025\/04\/Powiez-Sadejko-300x209.jpg 300w, https:\/\/alicja-sadejko.pl\/wp-content\/uploads\/2025\/04\/Powiez-Sadejko-768x536.jpg 768w, https:\/\/alicja-sadejko.pl\/wp-content\/uploads\/2025\/04\/Powiez-Sadejko-1536x1071.jpg 1536w, https:\/\/alicja-sadejko.pl\/wp-content\/uploads\/2025\/04\/Powiez-Sadejko-2048x1428.jpg 2048w\" sizes=\"(max-width: 1024px) 100vw, 1024px\" \/>\t\t\t\t\t\t\t\t\t\t\t\t\t\t\t<\/div>\n\t\t\t\t<\/div>\n\t\t\t\t<\/div>\n\t\t\t\t\t<\/div>\n\t\t\t\t<\/div>\n\t\t<div class=\"elementor-element elementor-element-17bf8d9 e-flex e-con-boxed e-con e-parent\" data-id=\"17bf8d9\" data-element_type=\"container\">\n\t\t\t\t\t<div class=\"e-con-inner\">\n\t\t<div class=\"elementor-element elementor-element-b4735b0 e-con-full e-flex e-con e-child\" data-id=\"b4735b0\" data-element_type=\"container\">\n\t\t\t\t<div class=\"elementor-element elementor-element-6c30822 elementor-widget elementor-widget-image\" data-id=\"6c30822\" data-element_type=\"widget\" data-widget_type=\"image.default\">\n\t\t\t\t<div class=\"elementor-widget-container\">\n\t\t\t\t\t\t\t\t\t\t\t\t\t\t\t<img decoding=\"async\" width=\"1024\" height=\"722\" src=\"https:\/\/alicja-sadejko.pl\/wp-content\/uploads\/2025\/04\/Taping-Sadejko-1024x722.jpg\" class=\"attachment-large size-large wp-image-877\" alt=\"Taping Sadejko\" srcset=\"https:\/\/alicja-sadejko.pl\/wp-content\/uploads\/2025\/04\/Taping-Sadejko-1024x722.jpg 1024w, https:\/\/alicja-sadejko.pl\/wp-content\/uploads\/2025\/04\/Taping-Sadejko-300x211.jpg 300w, https:\/\/alicja-sadejko.pl\/wp-content\/uploads\/2025\/04\/Taping-Sadejko-768x541.jpg 768w, https:\/\/alicja-sadejko.pl\/wp-content\/uploads\/2025\/04\/Taping-Sadejko-1536x1083.jpg 1536w, https:\/\/alicja-sadejko.pl\/wp-content\/uploads\/2025\/04\/Taping-Sadejko-2048x1444.jpg 2048w\" sizes=\"(max-width: 1024px) 100vw, 1024px\" \/>\t\t\t\t\t\t\t\t\t\t\t\t\t\t\t<\/div>\n\t\t\t\t<\/div>\n\t\t\t\t<\/div>\n\t\t<div class=\"elementor-element elementor-element-c366a2c e-con-full e-flex e-con e-child\" data-id=\"c366a2c\" data-element_type=\"container\">\n\t\t\t\t<div class=\"elementor-element elementor-element-67ef968 elementor-widget elementor-widget-text-editor\" data-id=\"67ef968\" data-element_type=\"widget\" data-widget_type=\"text-editor.default\">\n\t\t\t\t<div class=\"elementor-widget-container\">\n\t\t\t\t\t\t\t\t\t<p><\/p>\n<p>W 2024 roku mia\u0142am przyjemno\u015b\u0107 sko\u0144czy\u0107 upragniony kurs tapingu &#8222;tejpingu&#8221; koni. Jest to metoda oklejania ta\u015bmami przeznaczonymi dla koni, kt\u00f3ra wspomaga prac\u0119 cia\u0142a ko\u0144skiego.<\/p>\n<p>Stosuj\u0119 t\u0119 metod\u0119 zamiennie lub wspomagaj\u0105co do terapii manualnych.&nbsp;<\/p>\n<p>U\u017cywam tylko oryginalnych ta\u015bm firmy Kinesio Equine.<\/p>\t\t\t\t\t\t\t\t<\/div>\n\t\t\t\t<\/div>\n\t\t\t\t<\/div>\n\t\t\t\t\t<\/div>\n\t\t\t\t<\/div>\n\t\t<div class=\"elementor-element elementor-element-5fe0f25 e-flex e-con-boxed e-con e-parent\" data-id=\"5fe0f25\" data-element_type=\"container\">\n\t\t\t\t\t<div class=\"e-con-inner\">\n\t\t<div class=\"elementor-element elementor-element-8a9be42 e-con-full e-flex e-con e-child\" data-id=\"8a9be42\" data-element_type=\"container\">\n\t\t\t\t<div class=\"elementor-element elementor-element-51b2c63 elementor-widget elementor-widget-text-editor\" data-id=\"51b2c63\" data-element_type=\"widget\" data-widget_type=\"text-editor.default\">\n\t\t\t\t<div class=\"elementor-widget-container\">\n\t\t\t\t\t\t\t\t\t<p><br><\/p>\n<p><br><\/p>\n<p><br><\/p>\n<p><br><\/p><p>W 2024 roku uko\u0144czy\u0142am dwuletni kurs zawodowy Technik weterynarii. Nauka uko\u0144czona by\u0142a dwoma pa\u0144stwowymi egzaminami zawodowymi. Pierwszy egzamin pa\u0144stwowy o kwalifikacji ROL.11 Prowadzenie chowu i inseminacji zwierz\u0105t i drugi ROL.12 Wykonywanie weterynaryjnych czynno\u015bci pomocniczych.&nbsp;<\/p>\n<p>Dane wra\u017cliwe na dyplomie zawodowym zosta\u0142y wyci\u0119te i zamazane.<\/p>\t\t\t\t\t\t\t\t<\/div>\n\t\t\t\t<\/div>\n\t\t\t\t<\/div>\n\t\t<div class=\"elementor-element elementor-element-de35b21 e-con-full e-flex e-con e-child\" data-id=\"de35b21\" data-element_type=\"container\">\n\t\t\t\t<div class=\"elementor-element elementor-element-4b71afe elementor-widget elementor-widget-image\" data-id=\"4b71afe\" data-element_type=\"widget\" data-widget_type=\"image.default\">\n\t\t\t\t<div class=\"elementor-widget-container\">\n\t\t\t\t\t\t\t\t\t\t\t\t\t\t\t<img decoding=\"async\" width=\"724\" height=\"1024\" src=\"https:\/\/alicja-sadejko.pl\/wp-content\/uploads\/2025\/04\/tech-wet-cert-Sadejko-724x1024.jpg\" class=\"attachment-large size-large wp-image-878\" alt=\"techwetcertSadejko\" srcset=\"https:\/\/alicja-sadejko.pl\/wp-content\/uploads\/2025\/04\/tech-wet-cert-Sadejko-724x1024.jpg 724w, https:\/\/alicja-sadejko.pl\/wp-content\/uploads\/2025\/04\/tech-wet-cert-Sadejko-212x300.jpg 212w, https:\/\/alicja-sadejko.pl\/wp-content\/uploads\/2025\/04\/tech-wet-cert-Sadejko-768x1086.jpg 768w, https:\/\/alicja-sadejko.pl\/wp-content\/uploads\/2025\/04\/tech-wet-cert-Sadejko-1086x1536.jpg 1086w, https:\/\/alicja-sadejko.pl\/wp-content\/uploads\/2025\/04\/tech-wet-cert-Sadejko-1448x2048.jpg 1448w, https:\/\/alicja-sadejko.pl\/wp-content\/uploads\/2025\/04\/tech-wet-cert-Sadejko-scaled.jpg 1810w\" sizes=\"(max-width: 724px) 100vw, 724px\" \/>\t\t\t\t\t\t\t\t\t\t\t\t\t\t\t<\/div>\n\t\t\t\t<\/div>\n\t\t\t\t<\/div>\n\t\t\t\t\t<\/div>\n\t\t\t\t<\/div>\n\t\t<div class=\"elementor-element elementor-element-147b288 e-flex e-con-boxed e-con e-parent\" data-id=\"147b288\" data-element_type=\"container\">\n\t\t\t\t\t<div class=\"e-con-inner\">\n\t\t<div class=\"elementor-element elementor-element-25ce6dd e-con-full e-flex e-con e-child\" data-id=\"25ce6dd\" data-element_type=\"container\">\n\t\t\t\t<div class=\"elementor-element elementor-element-90b603a elementor-widget elementor-widget-image\" data-id=\"90b603a\" data-element_type=\"widget\" data-widget_type=\"image.default\">\n\t\t\t\t<div class=\"elementor-widget-container\">\n\t\t\t\t\t\t\t\t\t\t\t\t\t\t\t<img loading=\"lazy\" decoding=\"async\" width=\"1024\" height=\"724\" src=\"https:\/\/alicja-sadejko.pl\/wp-content\/uploads\/2025\/04\/instruktor-jk-Sadejko-1024x724.jpg\" class=\"attachment-large size-large wp-image-879\" alt=\"instruktor jk Sadejko\" srcset=\"https:\/\/alicja-sadejko.pl\/wp-content\/uploads\/2025\/04\/instruktor-jk-Sadejko-1024x724.jpg 1024w, https:\/\/alicja-sadejko.pl\/wp-content\/uploads\/2025\/04\/instruktor-jk-Sadejko-300x212.jpg 300w, https:\/\/alicja-sadejko.pl\/wp-content\/uploads\/2025\/04\/instruktor-jk-Sadejko-768x543.jpg 768w, https:\/\/alicja-sadejko.pl\/wp-content\/uploads\/2025\/04\/instruktor-jk-Sadejko-1536x1086.jpg 1536w, https:\/\/alicja-sadejko.pl\/wp-content\/uploads\/2025\/04\/instruktor-jk-Sadejko-2048x1448.jpg 2048w\" sizes=\"(max-width: 1024px) 100vw, 1024px\" \/>\t\t\t\t\t\t\t\t\t\t\t\t\t\t\t<\/div>\n\t\t\t\t<\/div>\n\t\t\t\t<\/div>\n\t\t<div class=\"elementor-element elementor-element-dcd075d e-con-full e-flex e-con e-child\" data-id=\"dcd075d\" data-element_type=\"container\">\n\t\t\t\t<div class=\"elementor-element elementor-element-02b1e00 elementor-widget elementor-widget-text-editor\" data-id=\"02b1e00\" data-element_type=\"widget\" data-widget_type=\"text-editor.default\">\n\t\t\t\t<div class=\"elementor-widget-container\">\n\t\t\t\t\t\t\t\t\t<p><span style=\"background-color: unset; font-size: 14px; text-align: var(--text-align);\"><br>Od 2020 roku jestem oficjalnym instruktorem rekreacji ruchowej o specjalno\u015bci jazda konna. Mam wieloletnie do\u015bwiadczenie w prowadzeniu i nauce jazdy konnej. Na nauk\u0119 trafia\u0142y do mnie osoby w szerokim przedziale wiekowym, od najm\u0142odszych junior\u00f3w do bardzo dojrza\u0142ych senior\u00f3w :).<\/span><\/p>\n<p>Certyfikat uzyskany przed zmian\u0105 nazwiska na Sadejko.<\/p><p>Na co dzie\u0144 nie prowadz\u0119 obecnie jazd konnych, ale pracuj\u0119 z ko\u0144mi z ziemi, r\u00f3wnie\u017c na lon\u017cy. Prowadz\u0119 konsultacje dla je\u017ad\u017ac\u00f3w i o ich koniach, omawiaj\u0105c szczeg\u00f3\u0142owo problemy wynikaj\u0105ce z napi\u0119\u0107 cia\u0142a ich lub ich koni.<\/p>\t\t\t\t\t\t\t\t<\/div>\n\t\t\t\t<\/div>\n\t\t\t\t<\/div>\n\t\t\t\t\t<\/div>\n\t\t\t\t<\/div>\n\t\t<div class=\"elementor-element elementor-element-0d76eae e-flex e-con-boxed e-con e-parent\" data-id=\"0d76eae\" data-element_type=\"container\">\n\t\t\t\t\t<div class=\"e-con-inner\">\n\t\t<div class=\"elementor-element elementor-element-040823d e-con-full e-flex e-con e-child\" data-id=\"040823d\" data-element_type=\"container\">\n\t\t\t\t<div class=\"elementor-element elementor-element-fbb6657 elementor-widget elementor-widget-text-editor\" data-id=\"fbb6657\" data-element_type=\"widget\" data-widget_type=\"text-editor.default\">\n\t\t\t\t<div class=\"elementor-widget-container\">\n\t\t\t\t\t\t\t\t\t<p><br><br><br>W przypadku potrzeby pracy z obrz\u0119kami limfatycznymi wykonuj\u0119 drena\u017c limfatyczny ko\u0144czyn konia.<\/p>\t\t\t\t\t\t\t\t<\/div>\n\t\t\t\t<\/div>\n\t\t\t\t<\/div>\n\t\t<div class=\"elementor-element elementor-element-c3bcaf9 e-con-full e-flex e-con e-child\" data-id=\"c3bcaf9\" data-element_type=\"container\">\n\t\t\t\t<div class=\"elementor-element elementor-element-d0c0701 elementor-widget elementor-widget-image\" data-id=\"d0c0701\" data-element_type=\"widget\" data-widget_type=\"image.default\">\n\t\t\t\t<div class=\"elementor-widget-container\">\n\t\t\t\t\t\t\t\t\t\t\t\t\t\t\t<img loading=\"lazy\" decoding=\"async\" width=\"1024\" height=\"724\" src=\"https:\/\/alicja-sadejko.pl\/wp-content\/uploads\/2025\/04\/drenaz-Sadejko-1024x724.jpg\" class=\"attachment-large size-large wp-image-880\" alt=\"\" srcset=\"https:\/\/alicja-sadejko.pl\/wp-content\/uploads\/2025\/04\/drenaz-Sadejko-1024x724.jpg 1024w, https:\/\/alicja-sadejko.pl\/wp-content\/uploads\/2025\/04\/drenaz-Sadejko-300x212.jpg 300w, https:\/\/alicja-sadejko.pl\/wp-content\/uploads\/2025\/04\/drenaz-Sadejko-768x543.jpg 768w, https:\/\/alicja-sadejko.pl\/wp-content\/uploads\/2025\/04\/drenaz-Sadejko.jpg 1181w\" sizes=\"(max-width: 1024px) 100vw, 1024px\" \/>\t\t\t\t\t\t\t\t\t\t\t\t\t\t\t<\/div>\n\t\t\t\t<\/div>\n\t\t\t\t<\/div>\n\t\t\t\t\t<\/div>\n\t\t\t\t<\/div>\n\t\t<div class=\"elementor-element elementor-element-5e0245e e-flex e-con-boxed e-con e-parent\" data-id=\"5e0245e\" data-element_type=\"container\">\n\t\t\t\t\t<div class=\"e-con-inner\">\n\t\t\t\t<div class=\"elementor-element elementor-element-d73ef1e elementor-widget elementor-widget-text-editor\" data-id=\"d73ef1e\" data-element_type=\"widget\" data-widget_type=\"text-editor.default\">\n\t\t\t\t<div class=\"elementor-widget-container\">\n\t\t\t\t\t\t\t\t\t<p>-&gt;Obecnie jestem w trakcie nauki w dwuletniej szkole na kierunku technik masa\u017cysta, aby jeszcze bardziej kompleksowo m\u00f3c podchodzi\u0107 do problem\u00f3w koni i ich je\u017ad\u017ac\u00f3w. Zdobywam wiedz\u0119 i praktyk\u0119 w wielu szczeg\u00f3\u0142owych technikach masa\u017cu, anatomii i fizjologii dzia\u0142ania cia\u0142a cz\u0142owieka. Holistycznie patrz\u0119 na cia\u0142a i psychiki istot, \u0142\u0105cz\u0105c to z w\u0142asnym do\u015bwiadczeniem \u017cyciowym, spostrze\u017ceniami i obserwacjami. Dodatkowo mam zamiar uczy\u0107 si\u0119 taping&#8217;u ludzi.&lt;-<\/p>\t\t\t\t\t\t\t\t<\/div>\n\t\t\t\t<\/div>\n\t\t\t\t\t<\/div>\n\t\t\t\t<\/div>\n\t\t<div class=\"elementor-element elementor-element-0ad2a54 e-flex e-con-boxed e-con e-parent\" data-id=\"0ad2a54\" data-element_type=\"container\">\n\t\t\t\t\t<div class=\"e-con-inner\">\n\t\t<div class=\"elementor-element elementor-element-0b015da e-con-full e-flex e-con e-child\" data-id=\"0b015da\" data-element_type=\"container\">\n\t\t\t\t<div class=\"elementor-element elementor-element-ff2ca67 elementor-widget elementor-widget-text-editor\" data-id=\"ff2ca67\" data-element_type=\"widget\" data-widget_type=\"text-editor.default\">\n\t\t\t\t<div class=\"elementor-widget-container\">\n\t\t\t\t\t\t\t\t\t<p>OFERTA:<\/p>\t\t\t\t\t\t\t\t<\/div>\n\t\t\t\t<\/div>\n\t\t\t\t<\/div>\n\t\t<div class=\"elementor-element elementor-element-6dc23ad e-con-full e-flex e-con e-child\" data-id=\"6dc23ad\" data-element_type=\"container\">\n\t\t\t\t<div class=\"elementor-element elementor-element-0f05967 elementor-widget elementor-widget-text-editor\" data-id=\"0f05967\" data-element_type=\"widget\" data-widget_type=\"text-editor.default\">\n\t\t\t\t<div class=\"elementor-widget-container\">\n\t\t\t\t\t\t\t\t\t<p>&#8211; masa\u017c powi\u0119ziowy konia (ca\u0142ego konia, trwa oko\u0142o 3 godzin &#8211; w zale\u017cno\u015bci od stanu konia i jego mo\u017cliwo\u015bci oraz ch\u0119ci wsp\u00f3\u0142pracy)<br>&#8211; taping koni<br>&#8211; lon\u017cowanie<br>&#8211; praca z ziemi<br>&#8211; drena\u017c limfatyczny ko\u0144czyn konia<br>&#8211; konsultacje na \u017cywo\/telefoniczne<\/p>\t\t\t\t\t\t\t\t<\/div>\n\t\t\t\t<\/div>\n\t\t\t\t<\/div>\n\t\t<div class=\"elementor-element elementor-element-bcb2f5b e-con-full e-flex e-con e-child\" data-id=\"bcb2f5b\" data-element_type=\"container\">\n\t\t\t\t<div class=\"elementor-element elementor-element-1acfbf2 elementor-widget elementor-widget-text-editor\" data-id=\"1acfbf2\" data-element_type=\"widget\" data-widget_type=\"text-editor.default\">\n\t\t\t\t<div class=\"elementor-widget-container\">\n\t\t\t\t\t\t\t\t\t<p>KONTAKT I OBSZAR DOJAZDU:<\/p>\t\t\t\t\t\t\t\t<\/div>\n\t\t\t\t<\/div>\n\t\t\t\t<\/div>\n\t\t<div class=\"elementor-element elementor-element-b182e4c e-con-full e-flex e-con e-child\" data-id=\"b182e4c\" data-element_type=\"container\">\n\t\t\t\t<div class=\"elementor-element elementor-element-09aa3ac elementor-widget elementor-widget-text-editor\" data-id=\"09aa3ac\" data-element_type=\"widget\" data-widget_type=\"text-editor.default\">\n\t\t\t\t<div class=\"elementor-widget-container\">\n\t\t\t\t\t\t\t\t\t<p>+48731489613 Alicja Sadejko<\/p><p>Mieszkam w Zielonej G\u00f3rze i na terenie miasta dojazd jest darmowy. Poza granicami miasta dojazd ustalany indywidualnie. Obs\u0142uguj\u0119 wojew\u00f3dztwo lubuskie. W razie dojazdu poza obszar lubuskiego prosz\u0119 o kontakt telefoniczny.<\/p>\t\t\t\t\t\t\t\t<\/div>\n\t\t\t\t<\/div>\n\t\t\t\t<\/div>\n\t\t\t\t\t<\/div>\n\t\t\t\t<\/div>\n\t\t\t\t<\/div>\n\t\t","protected":false},"excerpt":{"rendered":"<p>Ko\u0144ska strona mocy &#8211; czyli czym zajmuj\u0119 si\u0119 na co dzie\u0144. Zapraszam do kontaktu: +48 731489613, Alicja Sadejko \u00a0 Kurs powi\u0119ziowej terapii manualnej u koni, sko\u0144czy\u0142am w 2022 roku (przed zmian\u0105 nazwiska na Sadejko).\u00a0 Masa\u017cem koni zajmuj\u0119 si\u0119 od 2022 roku, g\u0142\u00f3wnie powi\u0119ziowo, ale te\u017c stosuj\u0119 w\u0142asne techniki wynalezione i sprawdzone przez lata pracy z [&hellip;]<\/p>\n","protected":false},"author":1,"featured_media":0,"parent":0,"menu_order":0,"comment_status":"closed","ping_status":"closed","template":"","meta":{"_monsterinsights_skip_tracking":false,"_monsterinsights_sitenote_active":false,"_monsterinsights_sitenote_note":"","_monsterinsights_sitenote_category":0,"ocean_post_layout":"","ocean_both_sidebars_style":"","ocean_both_sidebars_content_width":0,"ocean_both_sidebars_sidebars_width":0,"ocean_sidebar":"","ocean_second_sidebar":"","ocean_disable_margins":"enable","ocean_add_body_class":"","ocean_shortcode_before_top_bar":"","ocean_shortcode_after_top_bar":"","ocean_shortcode_before_header":"","ocean_shortcode_after_header":"","ocean_has_shortcode":"","ocean_shortcode_after_title":"","ocean_shortcode_before_footer_widgets":"","ocean_shortcode_after_footer_widgets":"","ocean_shortcode_before_footer_bottom":"","ocean_shortcode_after_footer_bottom":"","ocean_display_top_bar":"default","ocean_display_header":"default","ocean_header_style":"","ocean_center_header_left_menu":"","ocean_custom_header_template":"","ocean_custom_logo":0,"ocean_custom_retina_logo":0,"ocean_custom_logo_max_width":0,"ocean_custom_logo_tablet_max_width":0,"ocean_custom_logo_mobile_max_width":0,"ocean_custom_logo_max_height":0,"ocean_custom_logo_tablet_max_height":0,"ocean_custom_logo_mobile_max_height":0,"ocean_header_custom_menu":"","ocean_menu_typo_font_family":"","ocean_menu_typo_font_subset":"","ocean_menu_typo_font_size":0,"ocean_menu_typo_font_size_tablet":0,"ocean_menu_typo_font_size_mobile":0,"ocean_menu_typo_font_size_unit":"px","ocean_menu_typo_font_weight":"","ocean_menu_typo_font_weight_tablet":"","ocean_menu_typo_font_weight_mobile":"","ocean_menu_typo_transform":"","ocean_menu_typo_transform_tablet":"","ocean_menu_typo_transform_mobile":"","ocean_menu_typo_line_height":0,"ocean_menu_typo_line_height_tablet":0,"ocean_menu_typo_line_height_mobile":0,"ocean_menu_typo_line_height_unit":"","ocean_menu_typo_spacing":0,"ocean_menu_typo_spacing_tablet":0,"ocean_menu_typo_spacing_mobile":0,"ocean_menu_typo_spacing_unit":"","ocean_menu_link_color":"","ocean_menu_link_color_hover":"","ocean_menu_link_color_active":"","ocean_menu_link_background":"","ocean_menu_link_hover_background":"","ocean_menu_link_active_background":"","ocean_menu_social_links_bg":"","ocean_menu_social_hover_links_bg":"","ocean_menu_social_links_color":"","ocean_menu_social_hover_links_color":"","ocean_disable_title":"default","ocean_disable_heading":"default","ocean_post_title":"","ocean_post_subheading":"","ocean_post_title_style":"","ocean_post_title_background_color":"","ocean_post_title_background":0,"ocean_post_title_bg_image_position":"","ocean_post_title_bg_image_attachment":"","ocean_post_title_bg_image_repeat":"","ocean_post_title_bg_image_size":"","ocean_post_title_height":0,"ocean_post_title_bg_overlay":0.5,"ocean_post_title_bg_overlay_color":"","ocean_disable_breadcrumbs":"default","ocean_breadcrumbs_color":"","ocean_breadcrumbs_separator_color":"","ocean_breadcrumbs_links_color":"","ocean_breadcrumbs_links_hover_color":"","ocean_display_footer_widgets":"default","ocean_display_footer_bottom":"default","ocean_custom_footer_template":"","footnotes":""},"class_list":["post-853","page","type-page","status-publish","hentry","entry"],"_links":{"self":[{"href":"https:\/\/alicja-sadejko.pl\/index.php\/wp-json\/wp\/v2\/pages\/853","targetHints":{"allow":["GET"]}}],"collection":[{"href":"https:\/\/alicja-sadejko.pl\/index.php\/wp-json\/wp\/v2\/pages"}],"about":[{"href":"https:\/\/alicja-sadejko.pl\/index.php\/wp-json\/wp\/v2\/types\/page"}],"author":[{"embeddable":true,"href":"https:\/\/alicja-sadejko.pl\/index.php\/wp-json\/wp\/v2\/users\/1"}],"replies":[{"embeddable":true,"href":"https:\/\/alicja-sadejko.pl\/index.php\/wp-json\/wp\/v2\/comments?post=853"}],"version-history":[{"count":10,"href":"https:\/\/alicja-sadejko.pl\/index.php\/wp-json\/wp\/v2\/pages\/853\/revisions"}],"predecessor-version":[{"id":883,"href":"https:\/\/alicja-sadejko.pl\/index.php\/wp-json\/wp\/v2\/pages\/853\/revisions\/883"}],"wp:attachment":[{"href":"https:\/\/alicja-sadejko.pl\/index.php\/wp-json\/wp\/v2\/media?parent=853"}],"curies":[{"name":"wp","href":"https:\/\/api.w.org\/{rel}","templated":true}]}}