{"id":885,"date":"2025-05-12T17:15:59","date_gmt":"2025-05-12T17:15:59","guid":{"rendered":"https:\/\/alicja-sadejko.pl\/?page_id=885"},"modified":"2025-05-12T17:34:23","modified_gmt":"2025-05-12T17:34:23","slug":"moja-sztuka","status":"publish","type":"page","link":"https:\/\/alicja-sadejko.pl\/index.php\/moja-sztuka\/","title":{"rendered":"Strona g\u0142\u00f3wna"},"content":{"rendered":"\t\t<div data-elementor-type=\"wp-page\" data-elementor-id=\"885\" class=\"elementor elementor-885\">\n\t\t\t\t<div class=\"elementor-element elementor-element-7825f73 e-con-full e-flex e-con e-parent\" data-id=\"7825f73\" data-element_type=\"container\" data-settings=\"{&quot;background_background&quot;:&quot;slideshow&quot;,&quot;background_slideshow_gallery&quot;:[{&quot;id&quot;:596,&quot;url&quot;:&quot;https:\\\/\\\/alicja-sadejko.pl\\\/wp-content\\\/uploads\\\/2023\\\/09\\\/tloo-scaled.jpg&quot;}],&quot;background_slideshow_slide_duration&quot;:5000,&quot;background_slideshow_slide_transition&quot;:&quot;fade&quot;,&quot;background_slideshow_transition_duration&quot;:500}\">\n\t\t<div class=\"elementor-element elementor-element-f91713e e-con-full e-flex e-con e-child\" data-id=\"f91713e\" data-element_type=\"container\">\n\t\t\t\t<div class=\"elementor-element elementor-element-ee86c8d elementor-widget__width-initial elementor-widget elementor-widget-image\" data-id=\"ee86c8d\" data-element_type=\"widget\" data-widget_type=\"image.default\">\n\t\t\t\t<div class=\"elementor-widget-container\">\n\t\t\t\t\t\t\t\t\t\t\t\t\t\t\t\t<a href=\"https:\/\/alicja-sadejko.pl\">\n\t\t\t\t\t\t\t<img fetchpriority=\"high\" decoding=\"async\" width=\"768\" height=\"1024\" src=\"https:\/\/alicja-sadejko.pl\/wp-content\/uploads\/2023\/07\/IMG20221105104514-768x1024.jpg\" class=\"attachment-large size-large wp-image-20\" alt=\"\" srcset=\"https:\/\/alicja-sadejko.pl\/wp-content\/uploads\/2023\/07\/IMG20221105104514-768x1024.jpg 768w, https:\/\/alicja-sadejko.pl\/wp-content\/uploads\/2023\/07\/IMG20221105104514-225x300.jpg 225w, https:\/\/alicja-sadejko.pl\/wp-content\/uploads\/2023\/07\/IMG20221105104514-1152x1536.jpg 1152w, https:\/\/alicja-sadejko.pl\/wp-content\/uploads\/2023\/07\/IMG20221105104514-1536x2048.jpg 1536w, https:\/\/alicja-sadejko.pl\/wp-content\/uploads\/2023\/07\/IMG20221105104514-scaled.jpg 1920w\" sizes=\"(max-width: 768px) 100vw, 768px\" \/>\t\t\t\t\t\t\t\t<\/a>\n\t\t\t\t\t\t\t\t\t\t\t\t\t\t\t<\/div>\n\t\t\t\t<\/div>\n\t\t\t\t<\/div>\n\t\t<div class=\"elementor-element elementor-element-57347a8 e-con-full e-flex e-con e-child\" data-id=\"57347a8\" data-element_type=\"container\">\n\t\t<div class=\"elementor-element elementor-element-7f65c38 e-flex e-con-boxed e-con e-child\" data-id=\"7f65c38\" data-element_type=\"container\">\n\t\t\t\t\t<div class=\"e-con-inner\">\n\t\t\t\t<div class=\"elementor-element elementor-element-58fe9ce e-transform elementor-widget elementor-widget-heading\" data-id=\"58fe9ce\" data-element_type=\"widget\" data-settings=\"{&quot;_transform_translateX_effect&quot;:{&quot;unit&quot;:&quot;px&quot;,&quot;size&quot;:&quot;&quot;,&quot;sizes&quot;:[]},&quot;_transform_translateX_effect_tablet&quot;:{&quot;unit&quot;:&quot;px&quot;,&quot;size&quot;:&quot;&quot;,&quot;sizes&quot;:[]},&quot;_transform_translateX_effect_mobile&quot;:{&quot;unit&quot;:&quot;px&quot;,&quot;size&quot;:&quot;&quot;,&quot;sizes&quot;:[]},&quot;_transform_translateY_effect&quot;:{&quot;unit&quot;:&quot;px&quot;,&quot;size&quot;:&quot;&quot;,&quot;sizes&quot;:[]},&quot;_transform_translateY_effect_tablet&quot;:{&quot;unit&quot;:&quot;px&quot;,&quot;size&quot;:&quot;&quot;,&quot;sizes&quot;:[]},&quot;_transform_translateY_effect_mobile&quot;:{&quot;unit&quot;:&quot;px&quot;,&quot;size&quot;:&quot;&quot;,&quot;sizes&quot;:[]}}\" data-widget_type=\"heading.default\">\n\t\t\t\t<div class=\"elementor-widget-container\">\n\t\t\t\t\t<h2 class=\"elementor-heading-title elementor-size-default\">Sztuka emocji Alicji Sadejko - strona artystki niezale\u017cnej<\/h2>\t\t\t\t<\/div>\n\t\t\t\t<\/div>\n\t\t\t\t\t<\/div>\n\t\t\t\t<\/div>\n\t\t<div class=\"elementor-element elementor-element-3dc36e3 e-flex e-con-boxed e-con e-child\" data-id=\"3dc36e3\" data-element_type=\"container\">\n\t\t\t\t\t<div class=\"e-con-inner\">\n\t\t\t\t<div class=\"elementor-element elementor-element-8724efc elementor-widget elementor-widget-text-editor\" data-id=\"8724efc\" data-element_type=\"widget\" data-widget_type=\"text-editor.default\">\n\t\t\t\t<div class=\"elementor-widget-container\">\n\t\t\t\t\t\t\t\t\t<p style=\"font-variant-ligatures: normal; font-variant-caps: normal; font-family: Roboto, sans-serif; font-size: 14px; font-style: normal; font-weight: 400; color: #1092d9; text-align: right;\"><em style=\"font-size: 14px;\">Witam na stronie z moj\u0105 tw\u00f3rczo\u015bci\u0105. Nazywam si\u0119 Alicja Sadejko i jestem artystk\u0105 niezale\u017cn\u0105. Tworz\u0119 od najm\u0142odszych lat poczynaj\u0105c od rysunku, stopniowo przechodz\u0105c do malarstwa i rze\u017aby. G\u0142\u00f3wne media, kt\u00f3rymi si\u0119 pos\u0142uguj\u0119 to: o\u0142\u00f3wek, w\u0119giel, akryl, akwarela i farby olejne. Wykonuj\u0119 r\u00f3wnie\u017c prace na zam\u00f3wienie (obecnie g\u0142\u00f3wnie obrazy na p\u0142\u00f3tnie).\u00a0<\/em><br \/><em style=\"font-size: 14px;\">Zapraszam do zak\u0142adek &#8222;Galeria prac&#8221; i\u00a0 &#8222;Szkice&#8221;, gdzie umieszczone s\u0105 moje prace.<\/em><br \/><em style=\"font-size: 14px;\">Je\u015bli jest Pan\/Pani zainteresowany\/a wsp\u00f3\u0142prac\u0105 b\u0105d\u017a wykonaniem przeze mnie spersonalizowanego obrazu zapraszam do kontaktu na g\u00f3rze strony lub zak\u0142adki &#8222;Kontakt&#8221;.<\/em><\/p><p style=\"font-variant-ligatures: normal; font-variant-caps: normal; font-family: Roboto, sans-serif; font-size: 14px; font-style: normal; font-weight: 400; color: #1092d9; text-align: right;\"><em style=\"font-size: 14px;\">Pozdrawiam i \u017cycz\u0119 mile sp\u0119dzonego czasu z moj\u0105 tw\u00f3rczo\u015bci\u0105,<\/em><\/p><p style=\"font-variant-ligatures: normal; font-variant-caps: normal; font-family: Roboto, sans-serif; font-size: 14px; font-style: normal; font-weight: 400; color: #1092d9; text-align: right;\"><em style=\"font-size: 14px;\">Alicja Sadejko<\/em><\/p>\t\t\t\t\t\t\t\t<\/div>\n\t\t\t\t<\/div>\n\t\t\t\t\t<\/div>\n\t\t\t\t<\/div>\n\t\t\t\t<\/div>\n\t\t\t\t<\/div>\n\t\t\t\t<\/div>\n\t\t","protected":false},"excerpt":{"rendered":"<p>Sztuka emocji Alicji Sadejko &#8211; strona artystki niezale\u017cnej Witam na stronie z moj\u0105 tw\u00f3rczo\u015bci\u0105. Nazywam si\u0119 Alicja Sadejko i jestem artystk\u0105 niezale\u017cn\u0105. Tworz\u0119 od najm\u0142odszych lat poczynaj\u0105c od rysunku, stopniowo przechodz\u0105c do malarstwa i rze\u017aby. G\u0142\u00f3wne media, kt\u00f3rymi si\u0119 pos\u0142uguj\u0119 to: o\u0142\u00f3wek, w\u0119giel, akryl, akwarela i farby olejne. Wykonuj\u0119 r\u00f3wnie\u017c prace na zam\u00f3wienie (obecnie g\u0142\u00f3wnie [&hellip;]<\/p>\n","protected":false},"author":1,"featured_media":0,"parent":0,"menu_order":0,"comment_status":"closed","ping_status":"closed","template":"","meta":{"_monsterinsights_skip_tracking":false,"_monsterinsights_sitenote_active":false,"_monsterinsights_sitenote_note":"","_monsterinsights_sitenote_category":0,"ocean_post_layout":"","ocean_both_sidebars_style":"","ocean_both_sidebars_content_width":0,"ocean_both_sidebars_sidebars_width":0,"ocean_sidebar":"","ocean_second_sidebar":"","ocean_disable_margins":"enable","ocean_add_body_class":"","ocean_shortcode_before_top_bar":"","ocean_shortcode_after_top_bar":"","ocean_shortcode_before_header":"","ocean_shortcode_after_header":"","ocean_has_shortcode":"","ocean_shortcode_after_title":"","ocean_shortcode_before_footer_widgets":"","ocean_shortcode_after_footer_widgets":"","ocean_shortcode_before_footer_bottom":"","ocean_shortcode_after_footer_bottom":"","ocean_display_top_bar":"default","ocean_display_header":"default","ocean_header_style":"","ocean_center_header_left_menu":"","ocean_custom_header_template":"","ocean_custom_logo":0,"ocean_custom_retina_logo":0,"ocean_custom_logo_max_width":0,"ocean_custom_logo_tablet_max_width":0,"ocean_custom_logo_mobile_max_width":0,"ocean_custom_logo_max_height":0,"ocean_custom_logo_tablet_max_height":0,"ocean_custom_logo_mobile_max_height":0,"ocean_header_custom_menu":"","ocean_menu_typo_font_family":"","ocean_menu_typo_font_subset":"","ocean_menu_typo_font_size":0,"ocean_menu_typo_font_size_tablet":0,"ocean_menu_typo_font_size_mobile":0,"ocean_menu_typo_font_size_unit":"px","ocean_menu_typo_font_weight":"","ocean_menu_typo_font_weight_tablet":"","ocean_menu_typo_font_weight_mobile":"","ocean_menu_typo_transform":"","ocean_menu_typo_transform_tablet":"","ocean_menu_typo_transform_mobile":"","ocean_menu_typo_line_height":0,"ocean_menu_typo_line_height_tablet":0,"ocean_menu_typo_line_height_mobile":0,"ocean_menu_typo_line_height_unit":"","ocean_menu_typo_spacing":0,"ocean_menu_typo_spacing_tablet":0,"ocean_menu_typo_spacing_mobile":0,"ocean_menu_typo_spacing_unit":"","ocean_menu_link_color":"","ocean_menu_link_color_hover":"","ocean_menu_link_color_active":"","ocean_menu_link_background":"","ocean_menu_link_hover_background":"","ocean_menu_link_active_background":"","ocean_menu_social_links_bg":"","ocean_menu_social_hover_links_bg":"","ocean_menu_social_links_color":"","ocean_menu_social_hover_links_color":"","ocean_disable_title":"default","ocean_disable_heading":"default","ocean_post_title":"","ocean_post_subheading":"","ocean_post_title_style":"","ocean_post_title_background_color":"","ocean_post_title_background":0,"ocean_post_title_bg_image_position":"","ocean_post_title_bg_image_attachment":"","ocean_post_title_bg_image_repeat":"","ocean_post_title_bg_image_size":"","ocean_post_title_height":0,"ocean_post_title_bg_overlay":0.5,"ocean_post_title_bg_overlay_color":"","ocean_disable_breadcrumbs":"default","ocean_breadcrumbs_color":"","ocean_breadcrumbs_separator_color":"","ocean_breadcrumbs_links_color":"","ocean_breadcrumbs_links_hover_color":"","ocean_display_footer_widgets":"default","ocean_display_footer_bottom":"default","ocean_custom_footer_template":"","footnotes":""},"class_list":["post-885","page","type-page","status-publish","hentry","entry"],"_links":{"self":[{"href":"https:\/\/alicja-sadejko.pl\/index.php\/wp-json\/wp\/v2\/pages\/885","targetHints":{"allow":["GET"]}}],"collection":[{"href":"https:\/\/alicja-sadejko.pl\/index.php\/wp-json\/wp\/v2\/pages"}],"about":[{"href":"https:\/\/alicja-sadejko.pl\/index.php\/wp-json\/wp\/v2\/types\/page"}],"author":[{"embeddable":true,"href":"https:\/\/alicja-sadejko.pl\/index.php\/wp-json\/wp\/v2\/users\/1"}],"replies":[{"embeddable":true,"href":"https:\/\/alicja-sadejko.pl\/index.php\/wp-json\/wp\/v2\/comments?post=885"}],"version-history":[{"count":5,"href":"https:\/\/alicja-sadejko.pl\/index.php\/wp-json\/wp\/v2\/pages\/885\/revisions"}],"predecessor-version":[{"id":892,"href":"https:\/\/alicja-sadejko.pl\/index.php\/wp-json\/wp\/v2\/pages\/885\/revisions\/892"}],"wp:attachment":[{"href":"https:\/\/alicja-sadejko.pl\/index.php\/wp-json\/wp\/v2\/media?parent=885"}],"curies":[{"name":"wp","href":"https:\/\/api.w.org\/{rel}","templated":true}]}}